{"id":513,"date":"2024-09-09T16:06:49","date_gmt":"2024-09-09T19:06:49","guid":{"rendered":"https:\/\/grupoarx.com.br\/controledepragas\/?page_id=513"},"modified":"2024-09-12T16:58:06","modified_gmt":"2024-09-12T19:58:06","slug":"mip","status":"publish","type":"page","link":"https:\/\/grupoarx.com.br\/controledepragas\/mip\/","title":{"rendered":"MIP"},"content":{"rendered":"\t\t<div data-elementor-type=\"wp-page\" data-elementor-id=\"513\" class=\"elementor elementor-513\">\n\t\t\t\t\t\t<section class=\"elementor-section elementor-top-section elementor-element elementor-element-917edb3 elementor-section-full_width elementor-section-height-default elementor-section-height-default\" data-id=\"917edb3\" data-element_type=\"section\">\n\t\t\t\t\t\t<div class=\"elementor-container elementor-column-gap-no\">\n\t\t\t\t\t<div class=\"elementor-column elementor-col-100 elementor-top-column elementor-element elementor-element-245321f\" data-id=\"245321f\" data-element_type=\"column\">\n\t\t\t<div class=\"elementor-widget-wrap elementor-element-populated\">\n\t\t\t\t\t\t<div class=\"elementor-element elementor-element-eb85d4b elementor--h-position-center elementor--v-position-middle elementor-arrows-position-inside elementor-pagination-position-inside elementor-widget elementor-widget-slides\" data-id=\"eb85d4b\" data-element_type=\"widget\" data-settings=\"{&quot;navigation&quot;:&quot;both&quot;,&quot;autoplay&quot;:&quot;yes&quot;,&quot;pause_on_hover&quot;:&quot;yes&quot;,&quot;pause_on_interaction&quot;:&quot;yes&quot;,&quot;autoplay_speed&quot;:5000,&quot;infinite&quot;:&quot;yes&quot;,&quot;transition&quot;:&quot;slide&quot;,&quot;transition_speed&quot;:500}\" data-widget_type=\"slides.default\">\n\t\t\t\t<div class=\"elementor-widget-container\">\n\t\t\t\t\t<div class=\"elementor-swiper\">\n\t\t\t<div class=\"elementor-slides-wrapper elementor-main-swiper swiper-container\" dir=\"ltr\" data-animation=\"fadeInUp\">\n\t\t\t\t<div class=\"swiper-wrapper elementor-slides\">\n\t\t\t\t\t\t\t\t\t\t<div class=\"elementor-repeater-item-42afd00 swiper-slide\"><div class=\"swiper-slide-bg\"><\/div><div class=\"swiper-slide-inner\" ><div class=\"swiper-slide-contents\"><\/div><\/div><\/div>\t\t\t\t<\/div>\n\t\t\t\t\t\t\t<\/div>\n\t\t<\/div>\n\t\t\t\t<\/div>\n\t\t\t\t<\/div>\n\t\t\t\t\t<\/div>\n\t\t<\/div>\n\t\t\t\t\t<\/div>\n\t\t<\/section>\n\t\t\t\t<section class=\"elementor-section elementor-top-section elementor-element elementor-element-fbbcad0 elementor-section-boxed elementor-section-height-default elementor-section-height-default\" data-id=\"fbbcad0\" data-element_type=\"section\">\n\t\t\t\t\t\t<div class=\"elementor-container elementor-column-gap-default\">\n\t\t\t\t\t<div class=\"elementor-column elementor-col-100 elementor-top-column elementor-element elementor-element-3849d3e\" data-id=\"3849d3e\" data-element_type=\"column\">\n\t\t\t<div class=\"elementor-widget-wrap elementor-element-populated\">\n\t\t\t\t\t\t<div class=\"elementor-element elementor-element-a8c59cd elementor-widget elementor-widget-heading\" data-id=\"a8c59cd\" data-element_type=\"widget\" data-widget_type=\"heading.default\">\n\t\t\t\t<div class=\"elementor-widget-container\">\n\t\t\t<h2 class=\"elementor-heading-title elementor-size-default\">\u2022 PROGRAMA MIP \u2022<\/h2>\t\t<\/div>\n\t\t\t\t<\/div>\n\t\t\t\t<div class=\"elementor-element elementor-element-f1b4b2c elementor-widget-divider--view-line elementor-widget elementor-widget-divider\" data-id=\"f1b4b2c\" data-element_type=\"widget\" data-widget_type=\"divider.default\">\n\t\t\t\t<div class=\"elementor-widget-container\">\n\t\t\t\t\t<div class=\"elementor-divider\">\n\t\t\t<span class=\"elementor-divider-separator\">\n\t\t\t\t\t\t<\/span>\n\t\t<\/div>\n\t\t\t\t<\/div>\n\t\t\t\t<\/div>\n\t\t\t\t\t<\/div>\n\t\t<\/div>\n\t\t\t\t\t<\/div>\n\t\t<\/section>\n\t\t\t\t<section class=\"elementor-section elementor-top-section elementor-element elementor-element-45d8c0e elementor-section-full_width elementor-section-height-default elementor-section-height-default\" data-id=\"45d8c0e\" data-element_type=\"section\">\n\t\t\t\t\t\t<div class=\"elementor-container elementor-column-gap-no\">\n\t\t\t\t\t<div class=\"elementor-column elementor-col-50 elementor-top-column elementor-element elementor-element-4e2db41\" data-id=\"4e2db41\" data-element_type=\"column\">\n\t\t\t<div class=\"elementor-widget-wrap elementor-element-populated\">\n\t\t\t\t\t\t<div class=\"elementor-element elementor-element-29b753a elementor-widget elementor-widget-text-editor\" data-id=\"29b753a\" data-element_type=\"widget\" data-widget_type=\"text-editor.default\">\n\t\t\t\t<div class=\"elementor-widget-container\">\n\t\t\t\t\t\t\t<p>O Programa MIP \u2013 Manejo Integrado de Pragas, tem como objetivo reduzir os riscos de infesta\u00e7\u00f5es de pragas, priorizando medidas preventivas e fazendo uso dos produtos qu\u00edmicos de forma criteriosa, sempre respeitando o meio ambiente.<br \/>Atrav\u00e9s dessa metodologia, temos o compromisso de proteger nossos clientes, seus produtos e sua marca.<\/p><p><br \/>O Programa MIP \u00e9 desenvolvido em duas etapas:<\/p><p>A Implanta\u00e7\u00e3o envolve o conhecimento do local a ser trabalhado, identifica\u00e7\u00e3o das poss\u00edveis pragas infestantes e de pontos cr\u00edticos.<\/p><p><br \/>No Desenvolvimento, ocorre a elabora\u00e7\u00e3o do Relat\u00f3rio T\u00e9cnico de Implanta\u00e7\u00e3o e Melhorias (BPF), instala\u00e7\u00e3o e mapeamento dos dispositivos de controle e o treinamento para implanta\u00e7\u00e3o de formul\u00e1rios de monitoramento.<\/p><p>Tamb\u00e9m s\u00e3o tomadas medidas de controle preventivas, corretivas e de controle qu\u00edmico, o monitoramento das armadilhas e a elabora\u00e7\u00e3o de relat\u00f3rios estat\u00edsticos peri\u00f3dicos.<\/p><p>Os resultados, com n\u00fameros relacionados \u00e0 din\u00e2mica populacional de pragas, volume de pesticidas utilizados, flutua\u00e7\u00e3o de ocorr\u00eancias, acompanhamento de resultados e conclus\u00f5es t\u00e9cnicas s\u00e3o apresentados atrav\u00e9s de relat\u00f3rios e gr\u00e1ficos, tanto para insetos quanto para roedores.<\/p><p>Estes relat\u00f3rios s\u00e3o disponibilizados atrav\u00e9s do Portal do Cliente, permitindo o acompanhamento e compreens\u00e3o de todo o processo e resultados\u00a0do\u00a0programa.<\/p>\t\t\t\t\t\t<\/div>\n\t\t\t\t<\/div>\n\t\t\t\t\t<\/div>\n\t\t<\/div>\n\t\t\t\t<div class=\"elementor-column elementor-col-50 elementor-top-column elementor-element elementor-element-66f9fd4\" data-id=\"66f9fd4\" data-element_type=\"column\">\n\t\t\t<div class=\"elementor-widget-wrap elementor-element-populated\">\n\t\t\t\t\t\t<div class=\"elementor-element elementor-element-0c0a4b6 elementor-widget elementor-widget-image\" data-id=\"0c0a4b6\" data-element_type=\"widget\" data-widget_type=\"image.default\">\n\t\t\t\t<div class=\"elementor-widget-container\">\n\t\t\t\t\t\t\t\t\t\t\t\t\t<img fetchpriority=\"high\" decoding=\"async\" width=\"374\" height=\"348\" src=\"https:\/\/grupoarx.com.br\/controledepragas\/wp-content\/uploads\/2024\/09\/mip.png\" class=\"attachment-large size-large wp-image-363\" alt=\"\" srcset=\"https:\/\/grupoarx.com.br\/controledepragas\/wp-content\/uploads\/2024\/09\/mip.png 374w, https:\/\/grupoarx.com.br\/controledepragas\/wp-content\/uploads\/2024\/09\/mip-300x279.png 300w\" sizes=\"(max-width: 374px) 100vw, 374px\" \/>\t\t\t\t\t\t\t\t\t\t\t\t\t<\/div>\n\t\t\t\t<\/div>\n\t\t\t\t\t<\/div>\n\t\t<\/div>\n\t\t\t\t\t<\/div>\n\t\t<\/section>\n\t\t\t\t<\/div>\n\t\t","protected":false},"excerpt":{"rendered":"<p>\u2022 PROGRAMA MIP \u2022 O Programa MIP \u2013 Manejo Integrado de Pragas, tem como objetivo reduzir os riscos de infesta\u00e7\u00f5es de pragas, priorizando medidas preventivas e fazendo uso dos produtos qu\u00edmicos de forma criteriosa, sempre respeitando o meio ambiente.Atrav\u00e9s dessa metodologia, temos o compromisso de proteger nossos clientes, seus produtos e sua marca. O Programa [&hellip;]<\/p>\n","protected":false},"author":1,"featured_media":0,"parent":0,"menu_order":0,"comment_status":"closed","ping_status":"closed","template":"","meta":{"footnotes":""},"class_list":["post-513","page","type-page","status-publish","hentry"],"_links":{"self":[{"href":"https:\/\/grupoarx.com.br\/controledepragas\/wp-json\/wp\/v2\/pages\/513","targetHints":{"allow":["GET"]}}],"collection":[{"href":"https:\/\/grupoarx.com.br\/controledepragas\/wp-json\/wp\/v2\/pages"}],"about":[{"href":"https:\/\/grupoarx.com.br\/controledepragas\/wp-json\/wp\/v2\/types\/page"}],"author":[{"embeddable":true,"href":"https:\/\/grupoarx.com.br\/controledepragas\/wp-json\/wp\/v2\/users\/1"}],"replies":[{"embeddable":true,"href":"https:\/\/grupoarx.com.br\/controledepragas\/wp-json\/wp\/v2\/comments?post=513"}],"version-history":[{"count":17,"href":"https:\/\/grupoarx.com.br\/controledepragas\/wp-json\/wp\/v2\/pages\/513\/revisions"}],"predecessor-version":[{"id":583,"href":"https:\/\/grupoarx.com.br\/controledepragas\/wp-json\/wp\/v2\/pages\/513\/revisions\/583"}],"wp:attachment":[{"href":"https:\/\/grupoarx.com.br\/controledepragas\/wp-json\/wp\/v2\/media?parent=513"}],"curies":[{"name":"wp","href":"https:\/\/api.w.org\/{rel}","templated":true}]}}